{"id":1087,"date":"2024-10-22T06:24:11","date_gmt":"2024-10-22T04:24:11","guid":{"rendered":"https:\/\/ammd.themesawesome.com\/connexion\/"},"modified":"2025-02-27T05:59:30","modified_gmt":"2025-02-27T04:59:30","slug":"connexion","status":"publish","type":"page","link":"https:\/\/ammd.lu\/fr\/connexion\/","title":{"rendered":"Connexion"},"content":{"rendered":"\t\t<div data-elementor-type=\"wp-page\" data-elementor-id=\"1087\" class=\"elementor elementor-1087 elementor-843\" data-elementor-post-type=\"page\">\n\t\t\t\t<div class=\"elementor-element elementor-element-581adfb e-flex e-con-boxed e-con e-parent\" data-id=\"581adfb\" data-element_type=\"container\">\n\t\t\t\t\t<div class=\"e-con-inner\">\n\t\t\t\t<div class=\"elementor-element elementor-element-005ca2d elementor-widget elementor-widget-ammd_community_login_block\" data-id=\"005ca2d\" data-element_type=\"widget\" data-widget_type=\"ammd_community_login_block.default\">\n\t\t\t\t<div class=\"elementor-widget-container\">\n\t\t\t\t\t\n<style>\n    .login-wrap {\n        max-width: 500px;\n        margin: auto;\n    }\n    .login-wrap .login-content {\n        padding: 50px 40px;\n        margin: auto;\n        border-radius: 15px;\n        border: 1px solid #d5d5d5;\n    }\n    .login-step {\n        font-family: 'Open Sans';\n    }\n    .login-step h2 {\n        font-size: 28px;\n        font-weight: 600;\n        line-height: 36.4px;\n        text-align: center;\n    }\n    .regis-btns {\n        margin-top: 30px;\n        display: flex;\n        flex-direction: column;\n        gap: 15px;\n    }\n    .regis-btns .btn {\n        height: 48px;\n        display: flex;\n        justify-content: center;\n        align-items: center;\n        font-size: 16px;\n        font-weight: 600;\n        line-height: 24px;\n        border-radius: 8px;\n        cursor: pointer;\n        border: 0;\n        outline: 0;\n        outline: none;\n    }\n    .regis-btns .btn.btn-next {\n        background-color: #6EC2CF;\n        color: #ffffff;\n    }\n    .regis-btns .btn.btn-close {\n        border: 2px solid #2363BB;\n        color: #2363BB;\n    }\n\n    .form-contents label {\n        font-size: 18px;\n        font-weight: 600;\n        line-height: 23.4px;\n        margin-bottom: 12px;\n    }\n    .form-contents .form-item {\n        margin-bottom: 15px;\n    }\n    .form-contents .form-item input {\n        border-color: #D5D5D5;\n        border-radius: 8px;\n        padding: 12px 15px;\n    }\n    .forgot-pass {\n        font-size: 15px;\n        font-weight: 600;\n        line-height: 22.5px;\n        text-align: right;\n    }\n    .forgot-pass a {\n        color: #3AA7B3;\n    }\n    .form-item .passwrap {\n        position: relative;\n    }\n    .form-item.password .show-pw {\n        position: absolute;\n        right: 18px;\n        top: 0;\n        transform: translateY(50%);\n    }\n    .ammd_community_errors {\n        padding: 20px 30px;\n        border-radius: 10px;\n        background-color: #FFF4F4;\n        border: 1px solid #EB8A8A;\n        font-size: 16px;\n        font-weight: 600;\n        line-height: 20.8px;\n        color: #DD4646;\n        margin-bottom: 30px;\n    }\n    .ammd-comunity-approved-msg p {\n        text-align: center;\n        color: #2363BB;\n        margin-bottom: 15px;\n    }\n<\/style>\n\n<div class=\"login-wrap\">\n        <div class=\"login-content\">\n        <div class=\"login-step\">\n            <h2>Connexion<\/h2>\n            <form action=\"https:\/\/ammd.lu\/fr\/connexion\/\" method=\"post\">\n                \n                                <div class=\"form-contents\">\n                    <div class=\"form-item\">\n                        <label for=\"username\">Nom d&#039;utilisateur ou email<\/label>\n                        <input id=\"username\" name=\"username\" type=\"text\" placeholder=\"Votre nom d&#039;utilisateur ou email\" required >\n                    <\/div>\n                    <div class=\"form-item password\">\n                        <label for=\"password\">Mot de passe<\/label>\n                        <div class=\"passwrap\">\n                            <input id=\"password\" name=\"password\" type=\"password\" placeholder=\"Votre mot de passe\" required >\n                            <span class=\"show-pw\">\n                                <svg width=\"18\" height=\"12\" viewBox=\"0 0 18 12\" fill=\"none\" xmlns=\"http:\/\/www.w3.org\/2000\/svg\">\n                                    <path d=\"M9 3.6C9.65099 3.6 10.2753 3.85286 10.7356 4.30294C11.1959 4.75303 11.4545 5.36348 11.4545 6C11.4545 6.63652 11.1959 7.24697 10.7356 7.69706C10.2753 8.14714 9.65099 8.4 9 8.4C8.34901 8.4 7.72469 8.14714 7.26437 7.69706C6.80406 7.24697 6.54545 6.63652 6.54545 6C6.54545 5.36348 6.80406 4.75303 7.26437 4.30294C7.72469 3.85286 8.34901 3.6 9 3.6ZM9 0C13.0909 0 16.5845 2.488 18 6C16.5845 9.512 13.0909 12 9 12C4.90909 12 1.41545 9.512 0 6C1.41545 2.488 4.90909 0 9 0ZM1.78364 6C2.44494 7.32025 3.4718 8.4326 4.74748 9.2106C6.02317 9.98861 7.49651 10.4011 9 10.4011C10.5035 10.4011 11.9768 9.98861 13.2525 9.2106C14.5282 8.4326 15.5551 7.32025 16.2164 6C15.5551 4.67975 14.5282 3.5674 13.2525 2.7894C11.9768 2.01139 10.5035 1.59894 9 1.59894C7.49651 1.59894 6.02317 2.01139 4.74748 2.7894C3.4718 3.5674 2.44494 4.67975 1.78364 6Z\" fill=\"#676665\"\/>\n                                <\/svg>\n                            <\/span>\n                        <\/div>\n                    <\/div>\n\n                    <div class=\"forgot-pass\">\n                                                    <a href=\"https:\/\/ammd.lu\/fr\/wp-login.php?action=lostpassword\">Mot de passe oubli\u00e9 ?<\/a>\n                                            <\/div>\n                <\/div>\n                <div class=\"regis-btns\">\n                    <button type=\"submit\" class=\"btn btn-next\">\n                        Connexion                    <\/button>\n                    <a href=\"https:\/\/ammd.lu\/fr\/register\/\" class=\"btn btn-close\">\n                        Cr\u00e9er un compte                    <\/a>\n                <\/div>\n                \n\t\t\t\t<input id=\"ammd-login-btn\" type=\"hidden\" name=\"ammd_register_nonce\" value=\"\"\/>\n\t\t\t\t<input id=\"ammd-login-btn\" type=\"hidden\" name=\"ammd_login_nonce\" value=\"bb170d0ceb\"\/>\n            <\/form>\n        <\/div>\n    <\/div>\n<\/div>\n\n<script>\n(function( $ ) {\n\t'use strict';\n\n\t$(document).ready(function() {\n    });\n\n})( jQuery );\n<\/script>\t\t\t\t<\/div>\n\t\t\t\t<\/div>\n\t\t\t\t\t<\/div>\n\t\t\t\t<\/div>\n\t\t\t\t<\/div>\n\t\t","protected":false},"excerpt":{"rendered":"","protected":false},"author":1,"featured_media":0,"parent":0,"menu_order":0,"comment_status":"closed","ping_status":"closed","template":"elementor_header_footer","meta":{"_acf_changed":false,"_bbp_topic_count":0,"_bbp_reply_count":0,"_bbp_total_topic_count":0,"_bbp_total_reply_count":0,"_bbp_voice_count":0,"_bbp_anonymous_reply_count":0,"_bbp_topic_count_hidden":0,"_bbp_reply_count_hidden":0,"_bbp_forum_subforum_count":0,"footnotes":""},"class_list":["post-1087","page","type-page","status-publish","hentry"],"acf":[],"yoast_head":"<!-- This site is optimized with the Yoast SEO plugin v26.3 - https:\/\/yoast.com\/wordpress\/plugins\/seo\/ -->\n<title>Connexion - Association des M\u00e9decins et M\u00e9decins-Dentistes<\/title>\n<meta name=\"description\" content=\"L\u2019association m\u00e9dicale la plus repr\u00e9sentative du Grand-Duch\u00e9 de Luxembourg, qui fait le lien avec le gouvernement et les autorit\u00e9s sanitaires.\" \/>\n<meta name=\"robots\" content=\"index, follow, max-snippet:-1, max-image-preview:large, max-video-preview:-1\" \/>\n<link rel=\"canonical\" href=\"https:\/\/ammd.lu\/fr\/connexion\/\" \/>\n<meta property=\"og:locale\" content=\"fr_FR\" \/>\n<meta property=\"og:type\" content=\"article\" \/>\n<meta property=\"og:title\" content=\"Connexion - Association des M\u00e9decins et M\u00e9decins-Dentistes\" \/>\n<meta property=\"og:description\" content=\"L\u2019association m\u00e9dicale la plus repr\u00e9sentative du Grand-Duch\u00e9 de Luxembourg, qui fait le lien avec le gouvernement et les autorit\u00e9s sanitaires.\" \/>\n<meta property=\"og:url\" content=\"https:\/\/ammd.lu\/fr\/connexion\/\" \/>\n<meta property=\"og:site_name\" content=\"Association des M\u00e9decins et M\u00e9decins-Dentistes\" \/>\n<meta property=\"article:publisher\" content=\"https:\/\/www.facebook.com\/ammd.lu\/\" \/>\n<meta property=\"article:modified_time\" content=\"2025-02-27T04:59:30+00:00\" \/>\n<meta property=\"og:image\" content=\"https:\/\/ammd.lu\/wp-content\/uploads\/2025\/03\/AMMD-Open-graph-image.png\" \/>\n\t<meta property=\"og:image:width\" content=\"1200\" \/>\n\t<meta property=\"og:image:height\" content=\"630\" \/>\n\t<meta property=\"og:image:type\" content=\"image\/png\" \/>\n<meta name=\"twitter:card\" content=\"summary_large_image\" \/>\n<script type=\"application\/ld+json\" class=\"yoast-schema-graph\">{\"@context\":\"https:\/\/schema.org\",\"@graph\":[{\"@type\":\"WebPage\",\"@id\":\"https:\/\/ammd.lu\/fr\/connexion\/\",\"url\":\"https:\/\/ammd.lu\/fr\/connexion\/\",\"name\":\"Connexion - Association des M\u00e9decins et M\u00e9decins-Dentistes\",\"isPartOf\":{\"@id\":\"https:\/\/ammd.lu\/fr\/#website\"},\"datePublished\":\"2024-10-22T04:24:11+00:00\",\"dateModified\":\"2025-02-27T04:59:30+00:00\",\"description\":\"L\u2019association m\u00e9dicale la plus repr\u00e9sentative du Grand-Duch\u00e9 de Luxembourg, qui fait le lien avec le gouvernement et les autorit\u00e9s sanitaires.\",\"breadcrumb\":{\"@id\":\"https:\/\/ammd.lu\/fr\/connexion\/#breadcrumb\"},\"inLanguage\":\"fr-FR\",\"potentialAction\":[{\"@type\":\"ReadAction\",\"target\":[\"https:\/\/ammd.lu\/fr\/connexion\/\"]}]},{\"@type\":\"BreadcrumbList\",\"@id\":\"https:\/\/ammd.lu\/fr\/connexion\/#breadcrumb\",\"itemListElement\":[{\"@type\":\"ListItem\",\"position\":1,\"name\":\"Accueil\",\"item\":\"https:\/\/ammd.lu\/fr\/\"},{\"@type\":\"ListItem\",\"position\":2,\"name\":\"Connexion\"}]},{\"@type\":\"WebSite\",\"@id\":\"https:\/\/ammd.lu\/fr\/#website\",\"url\":\"https:\/\/ammd.lu\/fr\/\",\"name\":\"Association des M\u00e9decins et M\u00e9decins-Dentistes\",\"description\":\"AMMD\",\"publisher\":{\"@id\":\"https:\/\/ammd.lu\/fr\/#organization\"},\"potentialAction\":[{\"@type\":\"SearchAction\",\"target\":{\"@type\":\"EntryPoint\",\"urlTemplate\":\"https:\/\/ammd.lu\/fr\/?s={search_term_string}\"},\"query-input\":{\"@type\":\"PropertyValueSpecification\",\"valueRequired\":true,\"valueName\":\"search_term_string\"}}],\"inLanguage\":\"fr-FR\"},{\"@type\":\"Organization\",\"@id\":\"https:\/\/ammd.lu\/fr\/#organization\",\"name\":\"Association des M\u00e9decins et M\u00e9decins-Dentistes\",\"url\":\"https:\/\/ammd.lu\/fr\/\",\"logo\":{\"@type\":\"ImageObject\",\"inLanguage\":\"fr-FR\",\"@id\":\"https:\/\/ammd.lu\/fr\/#\/schema\/logo\/image\/\",\"url\":\"https:\/\/ammd.lu\/wp-content\/uploads\/2025\/03\/AMMD-Open-graph-image.png\",\"contentUrl\":\"https:\/\/ammd.lu\/wp-content\/uploads\/2025\/03\/AMMD-Open-graph-image.png\",\"width\":1200,\"height\":630,\"caption\":\"Association des M\u00e9decins et M\u00e9decins-Dentistes\"},\"image\":{\"@id\":\"https:\/\/ammd.lu\/fr\/#\/schema\/logo\/image\/\"},\"sameAs\":[\"https:\/\/www.facebook.com\/ammd.lu\/\"]}]}<\/script>\n<!-- \/ Yoast SEO plugin. -->","yoast_head_json":{"title":"Connexion - Association des M\u00e9decins et M\u00e9decins-Dentistes","description":"L\u2019association m\u00e9dicale la plus repr\u00e9sentative du Grand-Duch\u00e9 de Luxembourg, qui fait le lien avec le gouvernement et les autorit\u00e9s sanitaires.","robots":{"index":"index","follow":"follow","max-snippet":"max-snippet:-1","max-image-preview":"max-image-preview:large","max-video-preview":"max-video-preview:-1"},"canonical":"https:\/\/ammd.lu\/fr\/connexion\/","og_locale":"fr_FR","og_type":"article","og_title":"Connexion - Association des M\u00e9decins et M\u00e9decins-Dentistes","og_description":"L\u2019association m\u00e9dicale la plus repr\u00e9sentative du Grand-Duch\u00e9 de Luxembourg, qui fait le lien avec le gouvernement et les autorit\u00e9s sanitaires.","og_url":"https:\/\/ammd.lu\/fr\/connexion\/","og_site_name":"Association des M\u00e9decins et M\u00e9decins-Dentistes","article_publisher":"https:\/\/www.facebook.com\/ammd.lu\/","article_modified_time":"2025-02-27T04:59:30+00:00","og_image":[{"width":1200,"height":630,"url":"https:\/\/ammd.lu\/wp-content\/uploads\/2025\/03\/AMMD-Open-graph-image.png","type":"image\/png"}],"twitter_card":"summary_large_image","schema":{"@context":"https:\/\/schema.org","@graph":[{"@type":"WebPage","@id":"https:\/\/ammd.lu\/fr\/connexion\/","url":"https:\/\/ammd.lu\/fr\/connexion\/","name":"Connexion - Association des M\u00e9decins et M\u00e9decins-Dentistes","isPartOf":{"@id":"https:\/\/ammd.lu\/fr\/#website"},"datePublished":"2024-10-22T04:24:11+00:00","dateModified":"2025-02-27T04:59:30+00:00","description":"L\u2019association m\u00e9dicale la plus repr\u00e9sentative du Grand-Duch\u00e9 de Luxembourg, qui fait le lien avec le gouvernement et les autorit\u00e9s sanitaires.","breadcrumb":{"@id":"https:\/\/ammd.lu\/fr\/connexion\/#breadcrumb"},"inLanguage":"fr-FR","potentialAction":[{"@type":"ReadAction","target":["https:\/\/ammd.lu\/fr\/connexion\/"]}]},{"@type":"BreadcrumbList","@id":"https:\/\/ammd.lu\/fr\/connexion\/#breadcrumb","itemListElement":[{"@type":"ListItem","position":1,"name":"Accueil","item":"https:\/\/ammd.lu\/fr\/"},{"@type":"ListItem","position":2,"name":"Connexion"}]},{"@type":"WebSite","@id":"https:\/\/ammd.lu\/fr\/#website","url":"https:\/\/ammd.lu\/fr\/","name":"Association des M\u00e9decins et M\u00e9decins-Dentistes","description":"AMMD","publisher":{"@id":"https:\/\/ammd.lu\/fr\/#organization"},"potentialAction":[{"@type":"SearchAction","target":{"@type":"EntryPoint","urlTemplate":"https:\/\/ammd.lu\/fr\/?s={search_term_string}"},"query-input":{"@type":"PropertyValueSpecification","valueRequired":true,"valueName":"search_term_string"}}],"inLanguage":"fr-FR"},{"@type":"Organization","@id":"https:\/\/ammd.lu\/fr\/#organization","name":"Association des M\u00e9decins et M\u00e9decins-Dentistes","url":"https:\/\/ammd.lu\/fr\/","logo":{"@type":"ImageObject","inLanguage":"fr-FR","@id":"https:\/\/ammd.lu\/fr\/#\/schema\/logo\/image\/","url":"https:\/\/ammd.lu\/wp-content\/uploads\/2025\/03\/AMMD-Open-graph-image.png","contentUrl":"https:\/\/ammd.lu\/wp-content\/uploads\/2025\/03\/AMMD-Open-graph-image.png","width":1200,"height":630,"caption":"Association des M\u00e9decins et M\u00e9decins-Dentistes"},"image":{"@id":"https:\/\/ammd.lu\/fr\/#\/schema\/logo\/image\/"},"sameAs":["https:\/\/www.facebook.com\/ammd.lu\/"]}]}},"_links":{"self":[{"href":"https:\/\/ammd.lu\/fr\/wp-json\/wp\/v2\/pages\/1087","targetHints":{"allow":["GET"]}}],"collection":[{"href":"https:\/\/ammd.lu\/fr\/wp-json\/wp\/v2\/pages"}],"about":[{"href":"https:\/\/ammd.lu\/fr\/wp-json\/wp\/v2\/types\/page"}],"author":[{"embeddable":true,"href":"https:\/\/ammd.lu\/fr\/wp-json\/wp\/v2\/users\/1"}],"replies":[{"embeddable":true,"href":"https:\/\/ammd.lu\/fr\/wp-json\/wp\/v2\/comments?post=1087"}],"version-history":[{"count":2,"href":"https:\/\/ammd.lu\/fr\/wp-json\/wp\/v2\/pages\/1087\/revisions"}],"predecessor-version":[{"id":2572,"href":"https:\/\/ammd.lu\/fr\/wp-json\/wp\/v2\/pages\/1087\/revisions\/2572"}],"wp:attachment":[{"href":"https:\/\/ammd.lu\/fr\/wp-json\/wp\/v2\/media?parent=1087"}],"curies":[{"name":"wp","href":"https:\/\/api.w.org\/{rel}","templated":true}]}}