{"id":458,"date":"2024-07-08T04:37:16","date_gmt":"2024-07-08T04:37:16","guid":{"rendered":"https:\/\/ammd.themesawesome.com\/?page_id=458"},"modified":"2025-10-16T14:52:35","modified_gmt":"2025-10-16T12:52:35","slug":"membership","status":"publish","type":"page","link":"https:\/\/ammd.lu\/en\/membership\/","title":{"rendered":"Membership"},"content":{"rendered":"\t\t<div data-elementor-type=\"wp-page\" data-elementor-id=\"458\" class=\"elementor elementor-458\" data-elementor-post-type=\"page\">\n\t\t\t\t<div class=\"elementor-element elementor-element-f57b4ab main-container e-flex e-con-boxed e-con e-parent\" data-id=\"f57b4ab\" data-element_type=\"container\">\n\t\t\t\t\t<div class=\"e-con-inner\">\n\t\t<div class=\"elementor-element elementor-element-97fe6af e-con-full e-flex e-con e-child\" data-id=\"97fe6af\" data-element_type=\"container\">\n\t\t<div class=\"elementor-element elementor-element-8572136 e-con-full e-flex e-con e-child\" data-id=\"8572136\" data-element_type=\"container\">\n\t\t\t\t<div class=\"elementor-element elementor-element-86c7978 elementor-invisible elementor-widget elementor-widget-heading\" data-id=\"86c7978\" data-element_type=\"widget\" data-settings=\"{&quot;_animation&quot;:&quot;fadeInUp&quot;}\" data-widget_type=\"heading.default\">\n\t\t\t\t<div class=\"elementor-widget-container\">\n\t\t\t\t\t<h4 class=\"elementor-heading-title elementor-size-default\">Procedure<\/h4>\t\t\t\t<\/div>\n\t\t\t\t<\/div>\n\t\t\t\t<div class=\"elementor-element elementor-element-61a7ffe blue-text elementor-widget__width-initial elementor-invisible elementor-widget elementor-widget-heading\" data-id=\"61a7ffe\" data-element_type=\"widget\" data-settings=\"{&quot;_animation&quot;:&quot;fadeIn&quot;,&quot;_animation_delay&quot;:200}\" data-widget_type=\"heading.default\">\n\t\t\t\t<div class=\"elementor-widget-container\">\n\t\t\t\t\t<h2 class=\"elementor-heading-title elementor-size-default\">How to become a member of the AMMD<\/h2>\t\t\t\t<\/div>\n\t\t\t\t<\/div>\n\t\t\t\t<\/div>\n\t\t<div class=\"elementor-element elementor-element-a41ad21 e-con-full e-flex e-con e-child\" data-id=\"a41ad21\" data-element_type=\"container\">\n\t\t\t\t<div class=\"elementor-element elementor-element-70be46b elementor-widget__width-initial elementor-invisible elementor-widget elementor-widget-text-editor\" data-id=\"70be46b\" data-element_type=\"widget\" data-settings=\"{&quot;_animation&quot;:&quot;fadeIn&quot;,&quot;_animation_delay&quot;:400}\" data-widget_type=\"text-editor.default\">\n\t\t\t\t<div class=\"elementor-widget-container\">\n\t\t\t\t\t\t\t\t\t<p>AMMD is Luxembourg&#8217;s leading medical association, serving as the key liaison between the medical profession and supervisory ministries, the CNS, and other administrations.<\/p>\t\t\t\t\t\t\t\t<\/div>\n\t\t\t\t<\/div>\n\t\t\t\t<\/div>\n\t\t\t\t<\/div>\n\t\t\t\t\t<\/div>\n\t\t\t\t<\/div>\n\t\t<div class=\"elementor-element elementor-element-1d4ac32 main-container e-flex e-con-boxed e-con e-parent\" data-id=\"1d4ac32\" data-element_type=\"container\">\n\t\t\t\t\t<div class=\"e-con-inner\">\n\t\t<div class=\"elementor-element elementor-element-86d95ff e-con-full e-flex elementor-invisible e-con e-child\" data-id=\"86d95ff\" data-element_type=\"container\" data-settings=\"{&quot;background_background&quot;:&quot;classic&quot;,&quot;animation&quot;:&quot;fadeIn&quot;}\">\n\t\t\t\t<div class=\"elementor-element elementor-element-c2d4b01 elementor-align-center elementor-invisible elementor-widget elementor-widget-button\" data-id=\"c2d4b01\" data-element_type=\"widget\" data-settings=\"{&quot;_animation&quot;:&quot;fadeInUp&quot;,&quot;_animation_delay&quot;:400}\" data-widget_type=\"button.default\">\n\t\t\t\t<div class=\"elementor-widget-container\">\n\t\t\t\t\t\t\t\t\t<div class=\"elementor-button-wrapper\">\n\t\t\t\t\t<a class=\"elementor-button elementor-button-link elementor-size-md elementor-animation-float\" href=\"https:\/\/ammd.lu\/en\/register\/\">\n\t\t\t\t\t\t<span class=\"elementor-button-content-wrapper\">\n\t\t\t\t\t\t<span class=\"elementor-button-icon\">\n\t\t\t\t<svg xmlns=\"http:\/\/www.w3.org\/2000\/svg\" width=\"22\" height=\"22\" viewBox=\"0 0 22 22\" fill=\"none\"><path fill-rule=\"evenodd\" clip-rule=\"evenodd\" d=\"M10.4328 3.72126V6.428H11.9424V3.72126L15.9384 7.71721L17.0057 6.6484L11.722 1.36475H10.6547L5.37109 6.6484L6.43839 7.71721L10.4328 3.72126Z\" fill=\"#2363BB\"><\/path><path d=\"M2.12981 12.4659L1.375 13.2207V20.7687L2.12981 21.5236H20.2452L21 20.7687V13.2207L20.2452 12.4659H14.8861C14.7128 13.319 14.25 14.086 13.5759 14.637C12.9019 15.1879 12.0581 15.4889 11.1875 15.4889C10.3169 15.4889 9.47315 15.1879 8.79909 14.637C8.12504 14.086 7.66218 13.319 7.48894 12.4659H2.12981ZM15.9624 13.9755H19.4904V20.0139H2.88462V13.9755H6.41259C6.84085 14.8795 7.51692 15.6433 8.36219 16.1782C9.20747 16.7131 10.1872 16.997 11.1875 16.997C12.1878 16.997 13.1675 16.7131 14.0128 16.1782C14.8581 15.6433 15.5342 14.8795 15.9624 13.9755ZM10.4327 7.93701H11.9423V9.44663H10.4327V7.93701ZM10.4327 10.9562H11.9423V12.4659H10.4327V10.9562Z\" fill=\"#2363BB\"><\/path><\/svg>\t\t\t<\/span>\n\t\t\t\t\t\t\t\t\t<span class=\"elementor-button-text\">Application for Admission<\/span>\n\t\t\t\t\t<\/span>\n\t\t\t\t\t<\/a>\n\t\t\t\t<\/div>\n\t\t\t\t\t\t\t\t<\/div>\n\t\t\t\t<\/div>\n\t\t\t\t<\/div>\n\t\t\t\t\t<\/div>\n\t\t\t\t<\/div>\n\t\t<div class=\"elementor-element elementor-element-2d590ec e-flex e-con-boxed elementor-invisible e-con e-parent\" data-id=\"2d590ec\" data-element_type=\"container\" data-settings=\"{&quot;animation&quot;:&quot;fadeIn&quot;}\">\n\t\t\t\t\t<div class=\"e-con-inner\">\n\t\t\t\t<div class=\"elementor-element elementor-element-5248644 elementor-widget elementor-widget-heading\" data-id=\"5248644\" data-element_type=\"widget\" data-widget_type=\"heading.default\">\n\t\t\t\t<div class=\"elementor-widget-container\">\n\t\t\t\t\t<h3 class=\"elementor-heading-title elementor-size-default\">Become a member of the AMMD<\/h3>\t\t\t\t<\/div>\n\t\t\t\t<\/div>\n\t\t<div class=\"elementor-element elementor-element-b733859 e-con-full e-flex e-con e-child\" data-id=\"b733859\" data-element_type=\"container\">\n\t\t\t\t<div class=\"elementor-element elementor-element-cfdd265 elementor-widget elementor-widget-text-editor\" data-id=\"cfdd265\" data-element_type=\"widget\" data-widget_type=\"text-editor.default\">\n\t\t\t\t<div class=\"elementor-widget-container\">\n\t\t\t\t\t\t\t\t\t<p>The Association of Doctors and Dentists (AMMD) is the most representative medical association in the Grand Duchy of Luxembourg. It serves as the key intermediary between the medical profession, the Ministries, the CNS, and other administrative bodies.<\/p>\t\t\t\t\t\t\t\t<\/div>\n\t\t\t\t<\/div>\n\t\t\t\t<div class=\"elementor-element elementor-element-8b471bc elementor-widget elementor-widget-heading\" data-id=\"8b471bc\" data-element_type=\"widget\" data-widget_type=\"heading.default\">\n\t\t\t\t<div class=\"elementor-widget-container\">\n\t\t\t\t\t<h5 class=\"elementor-heading-title elementor-size-default\">Objectives<\/h5>\t\t\t\t<\/div>\n\t\t\t\t<\/div>\n\t\t\t\t<div class=\"elementor-element elementor-element-259ffeb elementor-icon-list--layout-traditional elementor-list-item-link-full_width elementor-widget elementor-widget-icon-list\" data-id=\"259ffeb\" data-element_type=\"widget\" data-widget_type=\"icon-list.default\">\n\t\t\t\t<div class=\"elementor-widget-container\">\n\t\t\t\t\t\t\t<ul class=\"elementor-icon-list-items\">\n\t\t\t\t\t\t\t<li class=\"elementor-icon-list-item\">\n\t\t\t\t\t\t\t\t\t\t\t<span class=\"elementor-icon-list-icon\">\n\t\t\t\t\t\t\t<svg aria-hidden=\"true\" class=\"e-font-icon-svg e-fas-circle\" viewBox=\"0 0 512 512\" xmlns=\"http:\/\/www.w3.org\/2000\/svg\"><path d=\"M256 8C119 8 8 119 8 256s111 248 248 248 248-111 248-248S393 8 256 8z\"><\/path><\/svg>\t\t\t\t\t\t<\/span>\n\t\t\t\t\t\t\t\t\t\t<span class=\"elementor-icon-list-text\">Represent the medical and dental professions at all decision-making levels in the healthcare sector.<\/span>\n\t\t\t\t\t\t\t\t\t<\/li>\n\t\t\t\t\t\t\t\t<li class=\"elementor-icon-list-item\">\n\t\t\t\t\t\t\t\t\t\t\t<span class=\"elementor-icon-list-icon\">\n\t\t\t\t\t\t\t<svg aria-hidden=\"true\" class=\"e-font-icon-svg e-fas-circle\" viewBox=\"0 0 512 512\" xmlns=\"http:\/\/www.w3.org\/2000\/svg\"><path d=\"M256 8C119 8 8 119 8 256s111 248 248 248 248-111 248-248S393 8 256 8z\"><\/path><\/svg>\t\t\t\t\t\t<\/span>\n\t\t\t\t\t\t\t\t\t\t<span class=\"elementor-icon-list-text\">Advocate for the interests and needs of the Luxembourgish medical and dental professions, and promote best medical practices through the Scientific Council, chaired by our association.<\/span>\n\t\t\t\t\t\t\t\t\t<\/li>\n\t\t\t\t\t\t\t\t<li class=\"elementor-icon-list-item\">\n\t\t\t\t\t\t\t\t\t\t\t<span class=\"elementor-icon-list-icon\">\n\t\t\t\t\t\t\t<svg aria-hidden=\"true\" class=\"e-font-icon-svg e-fas-circle\" viewBox=\"0 0 512 512\" xmlns=\"http:\/\/www.w3.org\/2000\/svg\"><path d=\"M256 8C119 8 8 119 8 256s111 248 248 248 248-111 248-248S393 8 256 8z\"><\/path><\/svg>\t\t\t\t\t\t<\/span>\n\t\t\t\t\t\t\t\t\t\t<span class=\"elementor-icon-list-text\">Defend the interests of the medical and dental professions. At this level, the association\u2019s objectives are purely union-related.<\/span>\n\t\t\t\t\t\t\t\t\t<\/li>\n\t\t\t\t\t\t\t\t<li class=\"elementor-icon-list-item\">\n\t\t\t\t\t\t\t\t\t\t\t<span class=\"elementor-icon-list-icon\">\n\t\t\t\t\t\t\t<svg aria-hidden=\"true\" class=\"e-font-icon-svg e-fas-circle\" viewBox=\"0 0 512 512\" xmlns=\"http:\/\/www.w3.org\/2000\/svg\"><path d=\"M256 8C119 8 8 119 8 256s111 248 248 248 248-111 248-248S393 8 256 8z\"><\/path><\/svg>\t\t\t\t\t\t<\/span>\n\t\t\t\t\t\t\t\t\t\t<span class=\"elementor-icon-list-text\">Represent the Luxembourgish medical profession in European and international organizations.<\/span>\n\t\t\t\t\t\t\t\t\t<\/li>\n\t\t\t\t\t\t<\/ul>\n\t\t\t\t\t\t<\/div>\n\t\t\t\t<\/div>\n\t\t\t\t<div class=\"elementor-element elementor-element-a2b2079 elementor-widget elementor-widget-text-editor\" data-id=\"a2b2079\" data-element_type=\"widget\" data-widget_type=\"text-editor.default\">\n\t\t\t\t<div class=\"elementor-widget-container\">\n\t\t\t\t\t\t\t\t\t<p data-start=\"0\" data-end=\"256\">To become a member of the AMMD, you must hold an authorization to practice medicine or dentistry in the Grand Duchy of Luxembourg, have completed all formalities required by law in connection with this authorization, and actively practice the profession.<\/p><p data-start=\"258\" data-end=\"548\" data-is-last-node=\"\">You can find all the necessary formalities on the official website of the Ministry of Health and Social Security:<br data-start=\"371\" data-end=\"374\" \/><a href=\"https:\/\/santesecu.public.lu\/fr\/espace-professionnel\/demande-autorisation-exercer.html\" target=\"_new\" rel=\"noopener\" data-start=\"374\" data-end=\"548\" data-is-last-node=\"\">https:\/\/santesecu.public.lu\/fr\/espace-professionnel\/demande-autorisation-exercer.html<\/a><\/p>\t\t\t\t\t\t\t\t<\/div>\n\t\t\t\t<\/div>\n\t\t\t\t<div class=\"elementor-element elementor-element-46ef672 elementor-align-left elementor-invisible elementor-widget elementor-widget-button\" data-id=\"46ef672\" data-element_type=\"widget\" data-settings=\"{&quot;_animation&quot;:&quot;fadeIn&quot;,&quot;_animation_delay&quot;:400}\" data-widget_type=\"button.default\">\n\t\t\t\t<div class=\"elementor-widget-container\">\n\t\t\t\t\t\t\t\t\t<div class=\"elementor-button-wrapper\">\n\t\t\t\t\t<a class=\"elementor-button elementor-button-link elementor-size-md elementor-animation-float\" href=\"https:\/\/ammd.lu\/register\/\">\n\t\t\t\t\t\t<span class=\"elementor-button-content-wrapper\">\n\t\t\t\t\t\t<span class=\"elementor-button-icon\">\n\t\t\t\t<svg xmlns=\"http:\/\/www.w3.org\/2000\/svg\" width=\"22\" height=\"22\" viewBox=\"0 0 22 22\" fill=\"none\"><path fill-rule=\"evenodd\" clip-rule=\"evenodd\" d=\"M10.4328 3.72126V6.428H11.9424V3.72126L15.9384 7.71721L17.0057 6.6484L11.722 1.36475H10.6547L5.37109 6.6484L6.43839 7.71721L10.4328 3.72126Z\" fill=\"#2363BB\"><\/path><path d=\"M2.12981 12.4659L1.375 13.2207V20.7687L2.12981 21.5236H20.2452L21 20.7687V13.2207L20.2452 12.4659H14.8861C14.7128 13.319 14.25 14.086 13.5759 14.637C12.9019 15.1879 12.0581 15.4889 11.1875 15.4889C10.3169 15.4889 9.47315 15.1879 8.79909 14.637C8.12504 14.086 7.66218 13.319 7.48894 12.4659H2.12981ZM15.9624 13.9755H19.4904V20.0139H2.88462V13.9755H6.41259C6.84085 14.8795 7.51692 15.6433 8.36219 16.1782C9.20747 16.7131 10.1872 16.997 11.1875 16.997C12.1878 16.997 13.1675 16.7131 14.0128 16.1782C14.8581 15.6433 15.5342 14.8795 15.9624 13.9755ZM10.4327 7.93701H11.9423V9.44663H10.4327V7.93701ZM10.4327 10.9562H11.9423V12.4659H10.4327V10.9562Z\" fill=\"#2363BB\"><\/path><\/svg>\t\t\t<\/span>\n\t\t\t\t\t\t\t\t\t<span class=\"elementor-button-text\">Application for Admission<\/span>\n\t\t\t\t\t<\/span>\n\t\t\t\t\t<\/a>\n\t\t\t\t<\/div>\n\t\t\t\t\t\t\t\t<\/div>\n\t\t\t\t<\/div>\n\t\t\t\t<\/div>\n\t\t\t\t\t<\/div>\n\t\t\t\t<\/div>\n\t\t<div class=\"elementor-element elementor-element-e1a114f main-container elementor-hidden-desktop elementor-hidden-tablet elementor-hidden-mobile e-flex e-con-boxed e-con e-parent\" data-id=\"e1a114f\" data-element_type=\"container\" data-settings=\"{&quot;background_background&quot;:&quot;classic&quot;}\">\n\t\t\t\t\t<div class=\"e-con-inner\">\n\t\t\t\t<div class=\"elementor-element elementor-element-79199be elementor-widget__width-initial elementor-invisible elementor-widget elementor-widget-heading\" data-id=\"79199be\" data-element_type=\"widget\" data-settings=\"{&quot;_animation&quot;:&quot;fadeIn&quot;,&quot;_animation_delay&quot;:100}\" data-widget_type=\"heading.default\">\n\t\t\t\t<div class=\"elementor-widget-container\">\n\t\t\t\t\t<h2 class=\"elementor-heading-title elementor-size-default\">Join AMMD and Connect with Leading Medical and Dental Professionals<\/h2>\t\t\t\t<\/div>\n\t\t\t\t<\/div>\n\t\t<div class=\"elementor-element elementor-element-9d9fdc0 e-con-full e-flex e-con e-child\" data-id=\"9d9fdc0\" data-element_type=\"container\">\n\t\t\t\t<div class=\"elementor-element elementor-element-070911c elementor-align-left elementor-invisible elementor-widget elementor-widget-button\" data-id=\"070911c\" data-element_type=\"widget\" data-settings=\"{&quot;_animation&quot;:&quot;fadeInUp&quot;,&quot;_animation_delay&quot;:200}\" data-widget_type=\"button.default\">\n\t\t\t\t<div class=\"elementor-widget-container\">\n\t\t\t\t\t\t\t\t\t<div class=\"elementor-button-wrapper\">\n\t\t\t\t\t<a class=\"elementor-button elementor-button-link elementor-size-md\" href=\"https:\/\/ammd.lu\/login\/\">\n\t\t\t\t\t\t<span class=\"elementor-button-content-wrapper\">\n\t\t\t\t\t\t\t\t\t<span class=\"elementor-button-text\">Member Login<\/span>\n\t\t\t\t\t<\/span>\n\t\t\t\t\t<\/a>\n\t\t\t\t<\/div>\n\t\t\t\t\t\t\t\t<\/div>\n\t\t\t\t<\/div>\n\t\t\t\t<div class=\"elementor-element elementor-element-b6ee385 elementor-align-left elementor-invisible elementor-widget elementor-widget-button\" data-id=\"b6ee385\" data-element_type=\"widget\" data-settings=\"{&quot;_animation&quot;:&quot;fadeInUp&quot;,&quot;_animation_delay&quot;:300}\" data-widget_type=\"button.default\">\n\t\t\t\t<div class=\"elementor-widget-container\">\n\t\t\t\t\t\t\t\t\t<div class=\"elementor-button-wrapper\">\n\t\t\t\t\t<a class=\"elementor-button elementor-button-link elementor-size-md\" href=\"https:\/\/ammd.lu\/membership\/\">\n\t\t\t\t\t\t<span class=\"elementor-button-content-wrapper\">\n\t\t\t\t\t\t<span class=\"elementor-button-icon\">\n\t\t\t\t<svg xmlns=\"http:\/\/www.w3.org\/2000\/svg\" width=\"17\" height=\"16\" viewBox=\"0 0 17 16\" fill=\"none\"><path d=\"M8.5 1L15.5 8M15.5 8L8.5 15M15.5 8L1.5 8\" stroke=\"white\" stroke-width=\"2\" stroke-linecap=\"round\" stroke-linejoin=\"round\"><\/path><\/svg>\t\t\t<\/span>\n\t\t\t\t\t\t\t\t\t<span class=\"elementor-button-text\">Application for Admission<\/span>\n\t\t\t\t\t<\/span>\n\t\t\t\t\t<\/a>\n\t\t\t\t<\/div>\n\t\t\t\t\t\t\t\t<\/div>\n\t\t\t\t<\/div>\n\t\t\t\t<\/div>\n\t\t\t\t\t<\/div>\n\t\t\t\t<\/div>\n\t\t\t\t<\/div>\n\t\t","protected":false},"excerpt":{"rendered":"<p>Procedure How to become a member of the AMMD AMMD is Luxembourg&#8217;s leading medical association, serving as the key liaison between the medical profession and supervisory ministries, the CNS, and other administrations. Application for Admission Become a member of the AMMD The Association of Doctors and Dentists (AMMD) is the most representative medical association in [&hellip;]<\/p>\n","protected":false},"author":1,"featured_media":0,"parent":0,"menu_order":0,"comment_status":"closed","ping_status":"closed","template":"elementor_header_footer","meta":{"_acf_changed":false,"_bbp_topic_count":0,"_bbp_reply_count":0,"_bbp_total_topic_count":0,"_bbp_total_reply_count":0,"_bbp_voice_count":0,"_bbp_anonymous_reply_count":0,"_bbp_topic_count_hidden":0,"_bbp_reply_count_hidden":0,"_bbp_forum_subforum_count":0,"footnotes":""},"class_list":["post-458","page","type-page","status-publish","hentry"],"acf":[],"yoast_head":"<!-- This site is optimized with the Yoast SEO plugin v26.3 - https:\/\/yoast.com\/wordpress\/plugins\/seo\/ -->\n<title>Membership - Association des M\u00e9decins et M\u00e9decins-Dentistes<\/title>\n<meta name=\"description\" content=\"L\u2019association m\u00e9dicale la plus repr\u00e9sentative du Grand-Duch\u00e9 de Luxembourg, qui fait le lien avec le gouvernement et les autorit\u00e9s sanitaires.\" \/>\n<meta name=\"robots\" content=\"index, follow, max-snippet:-1, max-image-preview:large, max-video-preview:-1\" \/>\n<link rel=\"canonical\" href=\"https:\/\/ammd.lu\/en\/membership\/\" \/>\n<meta property=\"og:locale\" content=\"en_US\" \/>\n<meta property=\"og:type\" content=\"article\" \/>\n<meta property=\"og:title\" content=\"Membership - Association des M\u00e9decins et M\u00e9decins-Dentistes\" \/>\n<meta property=\"og:description\" content=\"L\u2019association m\u00e9dicale la plus repr\u00e9sentative du Grand-Duch\u00e9 de Luxembourg, qui fait le lien avec le gouvernement et les autorit\u00e9s sanitaires.\" \/>\n<meta property=\"og:url\" content=\"https:\/\/ammd.lu\/en\/membership\/\" \/>\n<meta property=\"og:site_name\" content=\"Association des M\u00e9decins et M\u00e9decins-Dentistes\" \/>\n<meta property=\"article:publisher\" content=\"https:\/\/www.facebook.com\/ammd.lu\/\" \/>\n<meta property=\"article:modified_time\" content=\"2025-10-16T12:52:35+00:00\" \/>\n<meta property=\"og:image\" content=\"https:\/\/ammd.lu\/wp-content\/uploads\/2025\/03\/AMMD-Open-graph-image.png\" \/>\n\t<meta property=\"og:image:width\" content=\"1200\" \/>\n\t<meta property=\"og:image:height\" content=\"630\" \/>\n\t<meta property=\"og:image:type\" content=\"image\/png\" \/>\n<meta name=\"twitter:card\" content=\"summary_large_image\" \/>\n<meta name=\"twitter:label1\" content=\"Est. reading time\" \/>\n\t<meta name=\"twitter:data1\" content=\"1 minute\" \/>\n<script type=\"application\/ld+json\" class=\"yoast-schema-graph\">{\"@context\":\"https:\/\/schema.org\",\"@graph\":[{\"@type\":\"WebPage\",\"@id\":\"https:\/\/ammd.lu\/en\/membership\/\",\"url\":\"https:\/\/ammd.lu\/en\/membership\/\",\"name\":\"Membership - Association des M\u00e9decins et M\u00e9decins-Dentistes\",\"isPartOf\":{\"@id\":\"https:\/\/ammd.lu\/en\/#website\"},\"datePublished\":\"2024-07-08T04:37:16+00:00\",\"dateModified\":\"2025-10-16T12:52:35+00:00\",\"description\":\"L\u2019association m\u00e9dicale la plus repr\u00e9sentative du Grand-Duch\u00e9 de Luxembourg, qui fait le lien avec le gouvernement et les autorit\u00e9s sanitaires.\",\"breadcrumb\":{\"@id\":\"https:\/\/ammd.lu\/en\/membership\/#breadcrumb\"},\"inLanguage\":\"en-US\",\"potentialAction\":[{\"@type\":\"ReadAction\",\"target\":[\"https:\/\/ammd.lu\/en\/membership\/\"]}]},{\"@type\":\"BreadcrumbList\",\"@id\":\"https:\/\/ammd.lu\/en\/membership\/#breadcrumb\",\"itemListElement\":[{\"@type\":\"ListItem\",\"position\":1,\"name\":\"Accueil\",\"item\":\"https:\/\/ammd.lu\/en\/\"},{\"@type\":\"ListItem\",\"position\":2,\"name\":\"Membership\"}]},{\"@type\":\"WebSite\",\"@id\":\"https:\/\/ammd.lu\/en\/#website\",\"url\":\"https:\/\/ammd.lu\/en\/\",\"name\":\"Association des M\u00e9decins et M\u00e9decins-Dentistes\",\"description\":\"AMMD\",\"publisher\":{\"@id\":\"https:\/\/ammd.lu\/en\/#organization\"},\"potentialAction\":[{\"@type\":\"SearchAction\",\"target\":{\"@type\":\"EntryPoint\",\"urlTemplate\":\"https:\/\/ammd.lu\/en\/?s={search_term_string}\"},\"query-input\":{\"@type\":\"PropertyValueSpecification\",\"valueRequired\":true,\"valueName\":\"search_term_string\"}}],\"inLanguage\":\"en-US\"},{\"@type\":\"Organization\",\"@id\":\"https:\/\/ammd.lu\/en\/#organization\",\"name\":\"Association des M\u00e9decins et M\u00e9decins-Dentistes\",\"url\":\"https:\/\/ammd.lu\/en\/\",\"logo\":{\"@type\":\"ImageObject\",\"inLanguage\":\"en-US\",\"@id\":\"https:\/\/ammd.lu\/en\/#\/schema\/logo\/image\/\",\"url\":\"https:\/\/ammd.lu\/wp-content\/uploads\/2025\/03\/AMMD-Open-graph-image.png\",\"contentUrl\":\"https:\/\/ammd.lu\/wp-content\/uploads\/2025\/03\/AMMD-Open-graph-image.png\",\"width\":1200,\"height\":630,\"caption\":\"Association des M\u00e9decins et M\u00e9decins-Dentistes\"},\"image\":{\"@id\":\"https:\/\/ammd.lu\/en\/#\/schema\/logo\/image\/\"},\"sameAs\":[\"https:\/\/www.facebook.com\/ammd.lu\/\"]}]}<\/script>\n<!-- \/ Yoast SEO plugin. -->","yoast_head_json":{"title":"Membership - Association des M\u00e9decins et M\u00e9decins-Dentistes","description":"L\u2019association m\u00e9dicale la plus repr\u00e9sentative du Grand-Duch\u00e9 de Luxembourg, qui fait le lien avec le gouvernement et les autorit\u00e9s sanitaires.","robots":{"index":"index","follow":"follow","max-snippet":"max-snippet:-1","max-image-preview":"max-image-preview:large","max-video-preview":"max-video-preview:-1"},"canonical":"https:\/\/ammd.lu\/en\/membership\/","og_locale":"en_US","og_type":"article","og_title":"Membership - Association des M\u00e9decins et M\u00e9decins-Dentistes","og_description":"L\u2019association m\u00e9dicale la plus repr\u00e9sentative du Grand-Duch\u00e9 de Luxembourg, qui fait le lien avec le gouvernement et les autorit\u00e9s sanitaires.","og_url":"https:\/\/ammd.lu\/en\/membership\/","og_site_name":"Association des M\u00e9decins et M\u00e9decins-Dentistes","article_publisher":"https:\/\/www.facebook.com\/ammd.lu\/","article_modified_time":"2025-10-16T12:52:35+00:00","og_image":[{"width":1200,"height":630,"url":"https:\/\/ammd.lu\/wp-content\/uploads\/2025\/03\/AMMD-Open-graph-image.png","type":"image\/png"}],"twitter_card":"summary_large_image","twitter_misc":{"Est. reading time":"1 minute"},"schema":{"@context":"https:\/\/schema.org","@graph":[{"@type":"WebPage","@id":"https:\/\/ammd.lu\/en\/membership\/","url":"https:\/\/ammd.lu\/en\/membership\/","name":"Membership - Association des M\u00e9decins et M\u00e9decins-Dentistes","isPartOf":{"@id":"https:\/\/ammd.lu\/en\/#website"},"datePublished":"2024-07-08T04:37:16+00:00","dateModified":"2025-10-16T12:52:35+00:00","description":"L\u2019association m\u00e9dicale la plus repr\u00e9sentative du Grand-Duch\u00e9 de Luxembourg, qui fait le lien avec le gouvernement et les autorit\u00e9s sanitaires.","breadcrumb":{"@id":"https:\/\/ammd.lu\/en\/membership\/#breadcrumb"},"inLanguage":"en-US","potentialAction":[{"@type":"ReadAction","target":["https:\/\/ammd.lu\/en\/membership\/"]}]},{"@type":"BreadcrumbList","@id":"https:\/\/ammd.lu\/en\/membership\/#breadcrumb","itemListElement":[{"@type":"ListItem","position":1,"name":"Accueil","item":"https:\/\/ammd.lu\/en\/"},{"@type":"ListItem","position":2,"name":"Membership"}]},{"@type":"WebSite","@id":"https:\/\/ammd.lu\/en\/#website","url":"https:\/\/ammd.lu\/en\/","name":"Association des M\u00e9decins et M\u00e9decins-Dentistes","description":"AMMD","publisher":{"@id":"https:\/\/ammd.lu\/en\/#organization"},"potentialAction":[{"@type":"SearchAction","target":{"@type":"EntryPoint","urlTemplate":"https:\/\/ammd.lu\/en\/?s={search_term_string}"},"query-input":{"@type":"PropertyValueSpecification","valueRequired":true,"valueName":"search_term_string"}}],"inLanguage":"en-US"},{"@type":"Organization","@id":"https:\/\/ammd.lu\/en\/#organization","name":"Association des M\u00e9decins et M\u00e9decins-Dentistes","url":"https:\/\/ammd.lu\/en\/","logo":{"@type":"ImageObject","inLanguage":"en-US","@id":"https:\/\/ammd.lu\/en\/#\/schema\/logo\/image\/","url":"https:\/\/ammd.lu\/wp-content\/uploads\/2025\/03\/AMMD-Open-graph-image.png","contentUrl":"https:\/\/ammd.lu\/wp-content\/uploads\/2025\/03\/AMMD-Open-graph-image.png","width":1200,"height":630,"caption":"Association des M\u00e9decins et M\u00e9decins-Dentistes"},"image":{"@id":"https:\/\/ammd.lu\/en\/#\/schema\/logo\/image\/"},"sameAs":["https:\/\/www.facebook.com\/ammd.lu\/"]}]}},"_links":{"self":[{"href":"https:\/\/ammd.lu\/en\/wp-json\/wp\/v2\/pages\/458","targetHints":{"allow":["GET"]}}],"collection":[{"href":"https:\/\/ammd.lu\/en\/wp-json\/wp\/v2\/pages"}],"about":[{"href":"https:\/\/ammd.lu\/en\/wp-json\/wp\/v2\/types\/page"}],"author":[{"embeddable":true,"href":"https:\/\/ammd.lu\/en\/wp-json\/wp\/v2\/users\/1"}],"replies":[{"embeddable":true,"href":"https:\/\/ammd.lu\/en\/wp-json\/wp\/v2\/comments?post=458"}],"version-history":[{"count":240,"href":"https:\/\/ammd.lu\/en\/wp-json\/wp\/v2\/pages\/458\/revisions"}],"predecessor-version":[{"id":2855,"href":"https:\/\/ammd.lu\/en\/wp-json\/wp\/v2\/pages\/458\/revisions\/2855"}],"wp:attachment":[{"href":"https:\/\/ammd.lu\/en\/wp-json\/wp\/v2\/media?parent=458"}],"curies":[{"name":"wp","href":"https:\/\/api.w.org\/{rel}","templated":true}]}}