{"id":16,"date":"2024-06-21T08:38:41","date_gmt":"2024-06-21T08:38:41","guid":{"rendered":"https:\/\/ammd.themesawesome.com\/?page_id=16"},"modified":"2025-02-10T08:43:52","modified_gmt":"2025-02-10T07:43:52","slug":"page-media-archive","status":"publish","type":"page","link":"https:\/\/ammd.lu\/en\/page-media-archive\/","title":{"rendered":"Media Archive"},"content":{"rendered":"\t\t<div data-elementor-type=\"wp-page\" data-elementor-id=\"16\" class=\"elementor elementor-16\" data-elementor-post-type=\"page\">\n\t\t\t\t<div class=\"elementor-element elementor-element-172ab62 main-container e-flex e-con-boxed e-con e-parent\" data-id=\"172ab62\" data-element_type=\"container\">\n\t\t\t\t\t<div class=\"e-con-inner\">\n\t\t<div class=\"elementor-element elementor-element-2a3b7dc e-con-full sec-title-blog e-flex e-con e-child\" data-id=\"2a3b7dc\" data-element_type=\"container\">\n\t\t<div class=\"elementor-element elementor-element-1e6fc9f e-con-full elementor-hidden-mobile e-flex e-con e-child\" data-id=\"1e6fc9f\" data-element_type=\"container\">\n\t\t\t\t<\/div>\n\t\t<div class=\"elementor-element elementor-element-e2b973a e-con-full e-flex e-con e-child\" data-id=\"e2b973a\" data-element_type=\"container\">\n\t\t\t\t<div class=\"elementor-element elementor-element-8c16cce elementor-invisible elementor-widget elementor-widget-heading\" data-id=\"8c16cce\" data-element_type=\"widget\" data-settings=\"{&quot;_animation&quot;:&quot;fadeInUp&quot;,&quot;_animation_delay&quot;:200}\" data-widget_type=\"heading.default\">\n\t\t\t\t<div class=\"elementor-widget-container\">\n\t\t\t\t\t<h2 class=\"elementor-heading-title elementor-size-default\">Media Archive<\/h2>\t\t\t\t<\/div>\n\t\t\t\t<\/div>\n\t\t\t\t<\/div>\n\t\t\t\t<\/div>\n\t\t\t\t<div class=\"elementor-element elementor-element-077b7c1 elementor-widget elementor-widget-ammd_media_archive_filter_block\" data-id=\"077b7c1\" data-element_type=\"widget\" data-widget_type=\"ammd_media_archive_filter_block.default\">\n\t\t\t\t<div class=\"elementor-widget-container\">\n\t\t\t\t\t\r\n<style>\r\n    .media-archive-filter-block {\r\n        display: flex;\r\n        gap: 72px;\r\n        justify-content: space-between;\r\n    }\r\n    .media-archive-loop {\r\n        width: 100%;\r\n        display: grid;\r\n        grid-template-columns: repeat(4, minmax(0, 1fr));\r\n        column-gap: 27px;\r\n        row-gap: 48px;\r\n    }\r\n    .media-archive-filter-wrap {\r\n        min-width: 205px;\r\n    }\r\n    .media-archive-filter-item:not(:last-child) {\r\n        margin-bottom: 36px;\r\n    }\r\n    .media-archive-the-title {\r\n        margin-top: 0;\r\n        font-family: Open Sans;\r\n        font-size: 20px;\r\n        font-weight: 600;\r\n        line-height: 1.3;\r\n        color: #212121;\r\n        margin-bottom: 24px;\r\n    }\r\n    .media-archive-the-title a {\r\n        color: inherit !important;\r\n    }\r\n    .cat-item {\r\n        display: flex;\r\n        gap: 8px;\r\n    }\r\n    .cat-item:not(:last-child) {\r\n        margin-bottom: 16px;\r\n    }\r\n    .cat-item a {\r\n        font-family: Open Sans;\r\n        font-size: 15px;\r\n        font-weight: 400;\r\n        line-height: 1.5;\r\n        color: #2F2F2F;\r\n    }\r\n    .cat-item a.active {\r\n        font-weight: 600;\r\n        border-bottom: 1px solid #000000;\r\n    }\r\n    .cat-item span {\r\n        font-family: Open Sans;\r\n        font-size: 12px;\r\n        font-weight: 600;\r\n        line-height: 1.5;\r\n        color: #3AA7B3;\r\n    }\r\n    .media-archive-filter-inner input {\r\n        width: 100%;\r\n        padding: 10px 14px;\r\n        box-sizing: border-box;\r\n        background-image: url(https:\/\/ammd.lu\/wp-content\/plugins\/ammd-extra\/public\/img\/search-icon.png);\r\n        background-repeat: no-repeat;\r\n        background-size: 18px;\r\n        border-radius: 8px;\r\n        border: 1px solid #D5D5D5;\r\n        background-position: 90% 50%;\r\n    }\r\n    .media-archive-filter-inner select {\r\n        width: 100%;\r\n        padding: 10px 14px;\r\n        box-sizing: border-box;\r\n        background-image: url(https:\/\/ammd.lu\/wp-content\/plugins\/ammd-extra\/public\/img\/select-arrow.png);\r\n        background-repeat: no-repeat;\r\n        background-size: 6px;\r\n        border-radius: 8px;\r\n        border: 1px solid #D5D5D5;\r\n        appearance: none;\r\n        background-position: 90% 50%;\r\n    }\r\n    .media-archive-thumb {\r\n        margin-bottom: 16px;\r\n    }\r\n    .media-archive-thumb a {\r\n        display: flex;\r\n        border-radius: 5px;\r\n        border: 1px solid #BBBBBB;\r\n        padding: 10px 10px;\r\n        overflow: hidden;\r\n    }\r\n    .media-archive-thumb img {\r\n        width: 100%;\r\n        height: 300px;\r\n        object-fit: cover;\r\n    }\r\n    .media-archive-cats {\r\n        margin-bottom: 8px;\r\n    }\r\n    .media-archive-cats span {\r\n        font-family: Open Sans;\r\n        font-size: 14px;\r\n        font-weight: 600;\r\n        line-height: 1.3;\r\n        color: #2363BB;\r\n    }\r\n    .media-archive-title {\r\n        font-family: Open Sans;\r\n        font-size: 16px;\r\n        font-weight: 600;\r\n        line-height: 1.4;\r\n        color: #2F2F2F;\r\n        margin-bottom: 8px;\r\n    }\r\n    .media-archive-title a {\r\n        color: inherit;\r\n    }\r\n    .media-archive-item .date {\r\n        font-family: Open Sans;\r\n        font-size: 14px;\r\n        font-weight: 600;\r\n        line-height: 1.3;\r\n        color: #676665;\r\n    }\r\n    .media-archive-navigation-paging {\r\n        display: flex;\r\n        justify-content: center;\r\n        align-items: center;\r\n        margin-top: 72px;\r\n    }\r\n    .media-archive-navigation-paging {\r\n        display: flex;\r\n        gap: 24px;\r\n        justify-content: center;\r\n    }\r\n    .media-archive-navigation-paging .btn {\r\n        color: #676665;\r\n        font-family: 'Open Sans';\r\n        font-size: 16px;\r\n        font-weight: 600;\r\n        line-height: 1.5;\r\n        text-align: center;\r\n        border-radius: 5px;\r\n        padding: 6px 12px;\r\n    }\r\n    .media-archive-navigation-paging .btn.current {\r\n        color: #fff;\r\n        background: #6EC2CF;\r\n    }\r\n\r\n    @media (max-width: 1024px) {\r\n        .media-archive-loop {\r\n            grid-template-columns: repeat(2, minmax(0, 1fr));\r\n        }\r\n    }\r\n\r\n    @media (max-width: 768px) {\r\n        .media-archive-filter-wrap {\r\n            min-width: 140px;\r\n        }\r\n    }\r\n\r\n    @media (max-width: 767px) {\r\n        .media-archive-loop {\r\n            width: 100%;\r\n            grid-template-columns: repeat(1, minmax(0, 1fr));\r\n            column-gap: 0;\r\n        }\r\n        .media-archive-filter-wrap {\r\n            min-width: 180px;\r\n        }\r\n    }\r\n\r\n    @media (max-width: 375px) {\r\n        .media-archive-filter-block {\r\n            flex-wrap: wrap;\r\n        }\r\n        .media-archive-filter-wrap {\r\n            min-width: 100%;\r\n        }\r\n        .media-archive-filter-item:not(:last-child) {\r\n            margin-bottom: 20px;\r\n        }\r\n        .media-archive-filter-block {\r\n            gap: 50px;\r\n        }\r\n        .media-archive-filter-inner input,\r\n        .media-archive-filter-inner select {\r\n            background-position: 95% 50%;\r\n        }\r\n    }\r\n<\/style>\r\n\r\n<div class=\"media-arcive-ammd\">\r\n    <div class=\"media-archive-filter-block\">\r\n        <div class=\"media-archive-filter-wrap\">\r\n            <div class=\"media-archive-filter-item\">\r\n                <h4 class=\"media-archive-title\">\r\n                    Category                <\/h4>\r\n                <div class=\"media-archive-filter-inner\">\r\n                    <div class=\"cat-item\">\r\n                                                <a class=\"active\" href=\"https:\/\/ammd.lu\/en\/page-media-archive\/?category=all&sort-by=&search-acrive-media=\">All<\/a>\r\n                        <span>0<\/span>\r\n                    <\/div>\r\n                                            <div class=\"cat-item\">\r\n                            <a class=\"\" href=\"https:\/\/ammd.lu\/en\/page-media-archive\/?category=hospital-law&sort-by=&search-acrive-media=\">Hospital law<\/a>\r\n                            <span>0<\/span>\r\n                        <\/div>\r\n                                            <div class=\"cat-item\">\r\n                            <a class=\"\" href=\"https:\/\/ammd.lu\/en\/page-media-archive\/?category=press&sort-by=&search-acrive-media=\">Press<\/a>\r\n                            <span>0<\/span>\r\n                        <\/div>\r\n                                            <div class=\"cat-item\">\r\n                            <a class=\"\" href=\"https:\/\/ammd.lu\/en\/page-media-archive\/?category=the-medical-corps&sort-by=&search-acrive-media=\">The Medical Corps<\/a>\r\n                            <span>0<\/span>\r\n                        <\/div>\r\n                                    <\/div>\r\n            <\/div>\r\n            <div class=\"media-archive-filter-item\">\r\n                <h4 class=\"media-archive-title\">\r\n                    Search...                <\/h4>\r\n                <div class=\"media-archive-filter-inner\">\r\n                    <form id=\"search-form\">\r\n                        <input type=\"hidden\" name=\"category\" value=\"all\" \/>\r\n                        <input type=\"hidden\" name=\"sort-by\" value=\"\" \/>\r\n                        <input type=\"text\" name=\"search-acrive-media\" id=\"search-acrive-media\" placeholder=\"Search...\" value=\"\"\/>\r\n                    <\/form>\r\n                <\/div>\r\n            <\/div>\r\n            <div class=\"media-archive-filter-item\">\r\n                <h4 class=\"media-archive-title\">\r\n                    Sorted by                <\/h4>\r\n                <div class=\"media-archive-filter-inner\">\r\n                    <form id=\"sort-by-form\">\r\n                        <input type=\"hidden\" name=\"category\" value=\"all\" \/>\r\n                        <input type=\"hidden\" name=\"search-acrive-media\" value=\"\" \/>\r\n                        <select name=\"sort-by\">\r\n                            <option value=\"relevance\" >\r\n                                Relevance                            <\/option>\r\n                            <option value=\"date\" >\r\n                                Date                            <\/option>\r\n                            <option value=\"title\" >\r\n                                Name                            <\/option>\r\n                        <\/select>\r\n                    <\/form>\r\n                <\/div>\r\n            <\/div>\r\n        <\/div>\r\n        <div class=\"media-archive-loop\">\r\n                    <\/div>\r\n    <\/div>\r\n    <\/div>\r\n\r\n<script>\r\n    (function($) {\r\n        'use strict';\r\n\r\n        $(document).ready(function() {\r\n            $('.search-acrive-media').on('keypress', function(e) {\r\n                if (e.keyCode == 13) {\r\n                    $('#search-form').trigger('submit');\r\n                }\r\n            });\r\n\r\n            $('select[name=\"sort-by\"]').on('change', function() {\r\n                $('#sort-by-form').trigger('submit');\r\n            });\r\n        });\r\n    })(jQuery);\r\n<\/script>\t\t\t\t<\/div>\n\t\t\t\t<\/div>\n\t\t\t\t\t<\/div>\n\t\t\t\t<\/div>\n\t\t<div class=\"elementor-element elementor-element-63083d9 elementor-hidden-desktop elementor-hidden-tablet elementor-hidden-mobile e-flex e-con-boxed e-con e-parent\" data-id=\"63083d9\" data-element_type=\"container\" data-settings=\"{&quot;background_background&quot;:&quot;classic&quot;}\">\n\t\t\t\t\t<div class=\"e-con-inner\">\n\t\t\t\t<div class=\"elementor-element elementor-element-b8234ae elementor-widget__width-initial elementor-invisible elementor-widget elementor-widget-heading\" data-id=\"b8234ae\" data-element_type=\"widget\" data-settings=\"{&quot;_animation&quot;:&quot;fadeIn&quot;,&quot;_animation_delay&quot;:100}\" data-widget_type=\"heading.default\">\n\t\t\t\t<div class=\"elementor-widget-container\">\n\t\t\t\t\t<h2 class=\"elementor-heading-title elementor-size-default\">Join AMMD and Connect with Leading Medical and Dental Professionals<\/h2>\t\t\t\t<\/div>\n\t\t\t\t<\/div>\n\t\t<div class=\"elementor-element elementor-element-aa8630e e-con-full e-flex e-con e-child\" data-id=\"aa8630e\" data-element_type=\"container\">\n\t\t\t\t<div class=\"elementor-element elementor-element-43b8e0a elementor-align-left elementor-invisible elementor-widget elementor-widget-button\" data-id=\"43b8e0a\" data-element_type=\"widget\" data-settings=\"{&quot;_animation&quot;:&quot;fadeInUp&quot;,&quot;_animation_delay&quot;:200}\" data-widget_type=\"button.default\">\n\t\t\t\t<div class=\"elementor-widget-container\">\n\t\t\t\t\t\t\t\t\t<div class=\"elementor-button-wrapper\">\n\t\t\t\t\t<a class=\"elementor-button elementor-button-link elementor-size-md\" href=\"https:\/\/ammd.lu\/login\/\">\n\t\t\t\t\t\t<span class=\"elementor-button-content-wrapper\">\n\t\t\t\t\t\t\t\t\t<span class=\"elementor-button-text\">Member Login<\/span>\n\t\t\t\t\t<\/span>\n\t\t\t\t\t<\/a>\n\t\t\t\t<\/div>\n\t\t\t\t\t\t\t\t<\/div>\n\t\t\t\t<\/div>\n\t\t\t\t<div class=\"elementor-element elementor-element-a58e729 elementor-align-left elementor-invisible elementor-widget elementor-widget-button\" data-id=\"a58e729\" data-element_type=\"widget\" data-settings=\"{&quot;_animation&quot;:&quot;fadeInUp&quot;,&quot;_animation_delay&quot;:300}\" data-widget_type=\"button.default\">\n\t\t\t\t<div class=\"elementor-widget-container\">\n\t\t\t\t\t\t\t\t\t<div class=\"elementor-button-wrapper\">\n\t\t\t\t\t<a class=\"elementor-button elementor-button-link elementor-size-md\" href=\"http:\/\/ammd.goneon.lu\/en\/register\/\">\n\t\t\t\t\t\t<span class=\"elementor-button-content-wrapper\">\n\t\t\t\t\t\t<span class=\"elementor-button-icon\">\n\t\t\t\t<svg xmlns=\"http:\/\/www.w3.org\/2000\/svg\" width=\"17\" height=\"16\" viewBox=\"0 0 17 16\" fill=\"none\"><path d=\"M8.5 1L15.5 8M15.5 8L8.5 15M15.5 8L1.5 8\" stroke=\"white\" stroke-width=\"2\" stroke-linecap=\"round\" stroke-linejoin=\"round\"><\/path><\/svg>\t\t\t<\/span>\n\t\t\t\t\t\t\t\t\t<span class=\"elementor-button-text\">Application for Admission<\/span>\n\t\t\t\t\t<\/span>\n\t\t\t\t\t<\/a>\n\t\t\t\t<\/div>\n\t\t\t\t\t\t\t\t<\/div>\n\t\t\t\t<\/div>\n\t\t\t\t<\/div>\n\t\t\t\t\t<\/div>\n\t\t\t\t<\/div>\n\t\t\t\t<\/div>\n\t\t","protected":false},"excerpt":{"rendered":"<p>Media Archive Join AMMD and Connect with Leading Medical and Dental Professionals Member Login Application for Admission<\/p>\n","protected":false},"author":1,"featured_media":0,"parent":0,"menu_order":0,"comment_status":"closed","ping_status":"closed","template":"elementor_header_footer","meta":{"_acf_changed":false,"_bbp_topic_count":0,"_bbp_reply_count":0,"_bbp_total_topic_count":0,"_bbp_total_reply_count":0,"_bbp_voice_count":0,"_bbp_anonymous_reply_count":0,"_bbp_topic_count_hidden":0,"_bbp_reply_count_hidden":0,"_bbp_forum_subforum_count":0,"footnotes":""},"class_list":["post-16","page","type-page","status-publish","hentry"],"acf":[],"yoast_head":"<!-- This site is optimized with the Yoast SEO plugin v26.3 - https:\/\/yoast.com\/wordpress\/plugins\/seo\/ -->\n<title>Media Archive - Association des M\u00e9decins et M\u00e9decins-Dentistes<\/title>\n<meta name=\"description\" content=\"L\u2019association m\u00e9dicale la plus repr\u00e9sentative du Grand-Duch\u00e9 de Luxembourg, qui fait le lien avec le gouvernement et les autorit\u00e9s sanitaires.\" \/>\n<meta name=\"robots\" content=\"index, follow, max-snippet:-1, max-image-preview:large, max-video-preview:-1\" \/>\n<link rel=\"canonical\" href=\"https:\/\/ammd.lu\/en\/page-media-archive\/\" \/>\n<meta property=\"og:locale\" content=\"en_US\" \/>\n<meta property=\"og:type\" content=\"article\" \/>\n<meta property=\"og:title\" content=\"Media Archive - Association des M\u00e9decins et M\u00e9decins-Dentistes\" \/>\n<meta property=\"og:description\" content=\"L\u2019association m\u00e9dicale la plus repr\u00e9sentative du Grand-Duch\u00e9 de Luxembourg, qui fait le lien avec le gouvernement et les autorit\u00e9s sanitaires.\" \/>\n<meta property=\"og:url\" content=\"https:\/\/ammd.lu\/en\/page-media-archive\/\" \/>\n<meta property=\"og:site_name\" content=\"Association des M\u00e9decins et M\u00e9decins-Dentistes\" \/>\n<meta property=\"article:publisher\" content=\"https:\/\/www.facebook.com\/ammd.lu\/\" \/>\n<meta property=\"article:modified_time\" content=\"2025-02-10T07:43:52+00:00\" \/>\n<meta property=\"og:image\" content=\"https:\/\/ammd.lu\/wp-content\/uploads\/2025\/03\/AMMD-Open-graph-image.png\" \/>\n\t<meta property=\"og:image:width\" content=\"1200\" \/>\n\t<meta property=\"og:image:height\" content=\"630\" \/>\n\t<meta property=\"og:image:type\" content=\"image\/png\" \/>\n<meta name=\"twitter:card\" content=\"summary_large_image\" \/>\n<meta name=\"twitter:label1\" content=\"Est. reading time\" \/>\n\t<meta name=\"twitter:data1\" content=\"2 minutes\" \/>\n<script type=\"application\/ld+json\" class=\"yoast-schema-graph\">{\"@context\":\"https:\/\/schema.org\",\"@graph\":[{\"@type\":\"WebPage\",\"@id\":\"https:\/\/ammd.lu\/en\/page-media-archive\/\",\"url\":\"https:\/\/ammd.lu\/en\/page-media-archive\/\",\"name\":\"Media Archive - Association des M\u00e9decins et M\u00e9decins-Dentistes\",\"isPartOf\":{\"@id\":\"https:\/\/ammd.lu\/en\/#website\"},\"datePublished\":\"2024-06-21T08:38:41+00:00\",\"dateModified\":\"2025-02-10T07:43:52+00:00\",\"description\":\"L\u2019association m\u00e9dicale la plus repr\u00e9sentative du Grand-Duch\u00e9 de Luxembourg, qui fait le lien avec le gouvernement et les autorit\u00e9s sanitaires.\",\"breadcrumb\":{\"@id\":\"https:\/\/ammd.lu\/en\/page-media-archive\/#breadcrumb\"},\"inLanguage\":\"en-US\",\"potentialAction\":[{\"@type\":\"ReadAction\",\"target\":[\"https:\/\/ammd.lu\/en\/page-media-archive\/\"]}]},{\"@type\":\"BreadcrumbList\",\"@id\":\"https:\/\/ammd.lu\/en\/page-media-archive\/#breadcrumb\",\"itemListElement\":[{\"@type\":\"ListItem\",\"position\":1,\"name\":\"Accueil\",\"item\":\"https:\/\/ammd.lu\/en\/\"},{\"@type\":\"ListItem\",\"position\":2,\"name\":\"Media Archive\"}]},{\"@type\":\"WebSite\",\"@id\":\"https:\/\/ammd.lu\/en\/#website\",\"url\":\"https:\/\/ammd.lu\/en\/\",\"name\":\"Association des M\u00e9decins et M\u00e9decins-Dentistes\",\"description\":\"AMMD\",\"publisher\":{\"@id\":\"https:\/\/ammd.lu\/en\/#organization\"},\"potentialAction\":[{\"@type\":\"SearchAction\",\"target\":{\"@type\":\"EntryPoint\",\"urlTemplate\":\"https:\/\/ammd.lu\/en\/?s={search_term_string}\"},\"query-input\":{\"@type\":\"PropertyValueSpecification\",\"valueRequired\":true,\"valueName\":\"search_term_string\"}}],\"inLanguage\":\"en-US\"},{\"@type\":\"Organization\",\"@id\":\"https:\/\/ammd.lu\/en\/#organization\",\"name\":\"Association des M\u00e9decins et M\u00e9decins-Dentistes\",\"url\":\"https:\/\/ammd.lu\/en\/\",\"logo\":{\"@type\":\"ImageObject\",\"inLanguage\":\"en-US\",\"@id\":\"https:\/\/ammd.lu\/en\/#\/schema\/logo\/image\/\",\"url\":\"https:\/\/ammd.lu\/wp-content\/uploads\/2025\/03\/AMMD-Open-graph-image.png\",\"contentUrl\":\"https:\/\/ammd.lu\/wp-content\/uploads\/2025\/03\/AMMD-Open-graph-image.png\",\"width\":1200,\"height\":630,\"caption\":\"Association des M\u00e9decins et M\u00e9decins-Dentistes\"},\"image\":{\"@id\":\"https:\/\/ammd.lu\/en\/#\/schema\/logo\/image\/\"},\"sameAs\":[\"https:\/\/www.facebook.com\/ammd.lu\/\"]}]}<\/script>\n<!-- \/ Yoast SEO plugin. -->","yoast_head_json":{"title":"Media Archive - Association des M\u00e9decins et M\u00e9decins-Dentistes","description":"L\u2019association m\u00e9dicale la plus repr\u00e9sentative du Grand-Duch\u00e9 de Luxembourg, qui fait le lien avec le gouvernement et les autorit\u00e9s sanitaires.","robots":{"index":"index","follow":"follow","max-snippet":"max-snippet:-1","max-image-preview":"max-image-preview:large","max-video-preview":"max-video-preview:-1"},"canonical":"https:\/\/ammd.lu\/en\/page-media-archive\/","og_locale":"en_US","og_type":"article","og_title":"Media Archive - Association des M\u00e9decins et M\u00e9decins-Dentistes","og_description":"L\u2019association m\u00e9dicale la plus repr\u00e9sentative du Grand-Duch\u00e9 de Luxembourg, qui fait le lien avec le gouvernement et les autorit\u00e9s sanitaires.","og_url":"https:\/\/ammd.lu\/en\/page-media-archive\/","og_site_name":"Association des M\u00e9decins et M\u00e9decins-Dentistes","article_publisher":"https:\/\/www.facebook.com\/ammd.lu\/","article_modified_time":"2025-02-10T07:43:52+00:00","og_image":[{"width":1200,"height":630,"url":"https:\/\/ammd.lu\/wp-content\/uploads\/2025\/03\/AMMD-Open-graph-image.png","type":"image\/png"}],"twitter_card":"summary_large_image","twitter_misc":{"Est. reading time":"2 minutes"},"schema":{"@context":"https:\/\/schema.org","@graph":[{"@type":"WebPage","@id":"https:\/\/ammd.lu\/en\/page-media-archive\/","url":"https:\/\/ammd.lu\/en\/page-media-archive\/","name":"Media Archive - Association des M\u00e9decins et M\u00e9decins-Dentistes","isPartOf":{"@id":"https:\/\/ammd.lu\/en\/#website"},"datePublished":"2024-06-21T08:38:41+00:00","dateModified":"2025-02-10T07:43:52+00:00","description":"L\u2019association m\u00e9dicale la plus repr\u00e9sentative du Grand-Duch\u00e9 de Luxembourg, qui fait le lien avec le gouvernement et les autorit\u00e9s sanitaires.","breadcrumb":{"@id":"https:\/\/ammd.lu\/en\/page-media-archive\/#breadcrumb"},"inLanguage":"en-US","potentialAction":[{"@type":"ReadAction","target":["https:\/\/ammd.lu\/en\/page-media-archive\/"]}]},{"@type":"BreadcrumbList","@id":"https:\/\/ammd.lu\/en\/page-media-archive\/#breadcrumb","itemListElement":[{"@type":"ListItem","position":1,"name":"Accueil","item":"https:\/\/ammd.lu\/en\/"},{"@type":"ListItem","position":2,"name":"Media Archive"}]},{"@type":"WebSite","@id":"https:\/\/ammd.lu\/en\/#website","url":"https:\/\/ammd.lu\/en\/","name":"Association des M\u00e9decins et M\u00e9decins-Dentistes","description":"AMMD","publisher":{"@id":"https:\/\/ammd.lu\/en\/#organization"},"potentialAction":[{"@type":"SearchAction","target":{"@type":"EntryPoint","urlTemplate":"https:\/\/ammd.lu\/en\/?s={search_term_string}"},"query-input":{"@type":"PropertyValueSpecification","valueRequired":true,"valueName":"search_term_string"}}],"inLanguage":"en-US"},{"@type":"Organization","@id":"https:\/\/ammd.lu\/en\/#organization","name":"Association des M\u00e9decins et M\u00e9decins-Dentistes","url":"https:\/\/ammd.lu\/en\/","logo":{"@type":"ImageObject","inLanguage":"en-US","@id":"https:\/\/ammd.lu\/en\/#\/schema\/logo\/image\/","url":"https:\/\/ammd.lu\/wp-content\/uploads\/2025\/03\/AMMD-Open-graph-image.png","contentUrl":"https:\/\/ammd.lu\/wp-content\/uploads\/2025\/03\/AMMD-Open-graph-image.png","width":1200,"height":630,"caption":"Association des M\u00e9decins et M\u00e9decins-Dentistes"},"image":{"@id":"https:\/\/ammd.lu\/en\/#\/schema\/logo\/image\/"},"sameAs":["https:\/\/www.facebook.com\/ammd.lu\/"]}]}},"_links":{"self":[{"href":"https:\/\/ammd.lu\/en\/wp-json\/wp\/v2\/pages\/16","targetHints":{"allow":["GET"]}}],"collection":[{"href":"https:\/\/ammd.lu\/en\/wp-json\/wp\/v2\/pages"}],"about":[{"href":"https:\/\/ammd.lu\/en\/wp-json\/wp\/v2\/types\/page"}],"author":[{"embeddable":true,"href":"https:\/\/ammd.lu\/en\/wp-json\/wp\/v2\/users\/1"}],"replies":[{"embeddable":true,"href":"https:\/\/ammd.lu\/en\/wp-json\/wp\/v2\/comments?post=16"}],"version-history":[{"count":28,"href":"https:\/\/ammd.lu\/en\/wp-json\/wp\/v2\/pages\/16\/revisions"}],"predecessor-version":[{"id":2125,"href":"https:\/\/ammd.lu\/en\/wp-json\/wp\/v2\/pages\/16\/revisions\/2125"}],"wp:attachment":[{"href":"https:\/\/ammd.lu\/en\/wp-json\/wp\/v2\/media?parent=16"}],"curies":[{"name":"wp","href":"https:\/\/api.w.org\/{rel}","templated":true}]}}